{"id":1772,"date":"2021-10-15T00:04:25","date_gmt":"2021-10-15T00:04:25","guid":{"rendered":"https:\/\/maxreformas.es\/personalizar-cookies"},"modified":"2021-10-15T00:04:25","modified_gmt":"2021-10-15T00:04:25","slug":"personalizar-cookies","status":"publish","type":"page","link":"https:\/\/maxreformas.es\/en\/personalizar-cookies\/","title":{"rendered":"Personalizar Cookies"},"content":{"rendered":"<div>\n      <div id=\"custom-cookies-eu-label\">\n\n        Utilizamos cookies en nuestro sitio web para brindarle la experiencia m\u00e1s relevante al recordar sus preferencias y repetir visitas. Haciendo clic en \u201cAceptar Todas\u201d, usted consiente el uso de TODAS\u00a0 las cookies. Sin embargo, puede visitar \\\\\\\"Configuraci\u00f3n de cookies\\\\\\\" para proporcionar un consentimiento controlado.\n          &nbsp;&nbsp;\n          <a target=\"_blank\" id=\"cookies-eu-more\" rel=\"nofollow\" href=\"https:\/\/maxreformas.es\/en\/politica-de-cookies\/\">Configurar y m\u00e1s informaci\u00f3n<\/a>\n      <\/div>\n\n      <div id=\"custom-cookies-eu-buttons\" class=\"cookies-eu-buttons\">\n        <button id=\"custom-cookies-eu-reject\" class=\"cookies-eu-reject\">Rechazar<\/button>\n        <button id=\"custom-cookies-eu-accept\" class=\"cookies-eu-accept\">ACEPTAR TODAS LAS COOKIES<\/button><\/div>\n      <\/div>\n\n<br\/>\n<p>\n\tPuedes cambiar tus preferencias de cookies en cualquier momento si vuelves a la p\u00e1gina de Personalizar cookies, a la que puedes acceder a trav\u00e9s del Aviso de cookies. Para obtener m\u00e1s informaci\u00f3n sobre las cookies y c\u00f3mo las usamos, consulta la p\u00e1gina de <a href=\"https:\/\/maxreformas.es\/en\/politica-de-cookies\/\">Pol\u00edtica de Cookies<\/a>.\n<\/p>\n\n<h3>Cookies t\u00e9cnicas<\/h3>\n<p>\n\tSon aquellas que permiten a los usuarios registrados navegar a trav\u00e9s del sitio Web, del \u00e1rea restringida y a utilizar sus diferentes funciones, como por ejemplo, el sistema de comentarios o el buscador y no pueden ser desactivadas.\n<\/p>","protected":false},"excerpt":{"rendered":"<p>Utilizamos cookies en nuestro sitio web para brindarle la experiencia m\u00e1s relevante al recordar sus preferencias y repetir visitas. Haciendo clic en \u201cAceptar Todas\u201d, usted consiente el uso de TODAS\u00a0 las cookies. Sin embargo, puede visitar \\\\\\\u00bbConfiguraci\u00f3n de cookies\\\\\\\u00bb para proporcionar un consentimiento controlado. &nbsp;&nbsp; Configurar y m\u00e1s informaci\u00f3n Rechazar ACEPTAR TODAS LAS COOKIES Puedes &hellip;<\/p>\n<p class=\"read-more\"> <a class=\"\" href=\"https:\/\/maxreformas.es\/en\/personalizar-cookies\/\"> <span class=\"screen-reader-text\">Personalizar Cookies<\/span> Read More &raquo;<\/a><\/p>","protected":false},"author":1,"featured_media":0,"parent":0,"menu_order":0,"comment_status":"closed","ping_status":"closed","template":"","meta":{"site-sidebar-layout":"default","site-content-layout":"","ast-site-content-layout":"","site-content-style":"default","site-sidebar-style":"default","ast-global-header-display":"","ast-banner-title-visibility":"","ast-main-header-display":"","ast-hfb-above-header-display":"","ast-hfb-below-header-display":"","ast-hfb-mobile-header-display":"","site-post-title":"","ast-breadcrumbs-content":"","ast-featured-img":"","footer-sml-layout":"","theme-transparent-header-meta":"","adv-header-id-meta":"","stick-header-meta":"","header-above-stick-meta":"","header-main-stick-meta":"","header-below-stick-meta":"","astra-migrate-meta-layouts":"","ast-page-background-enabled":"default","ast-page-background-meta":{"desktop":{"background-color":"","background-image":"","background-repeat":"repeat","background-position":"center center","background-size":"auto","background-attachment":"scroll","background-type":"","background-media":"","overlay-type":"","overlay-color":"","overlay-gradient":""},"tablet":{"background-color":"","background-image":"","background-repeat":"repeat","background-position":"center center","background-size":"auto","background-attachment":"scroll","background-type":"","background-media":"","overlay-type":"","overlay-color":"","overlay-gradient":""},"mobile":{"background-color":"","background-image":"","background-repeat":"repeat","background-position":"center center","background-size":"auto","background-attachment":"scroll","background-type":"","background-media":"","overlay-type":"","overlay-color":"","overlay-gradient":""}},"ast-content-background-meta":{"desktop":{"background-color":"var(--ast-global-color-5)","background-image":"","background-repeat":"repeat","background-position":"center center","background-size":"auto","background-attachment":"scroll","background-type":"","background-media":"","overlay-type":"","overlay-color":"","overlay-gradient":""},"tablet":{"background-color":"var(--ast-global-color-5)","background-image":"","background-repeat":"repeat","background-position":"center center","background-size":"auto","background-attachment":"scroll","background-type":"","background-media":"","overlay-type":"","overlay-color":"","overlay-gradient":""},"mobile":{"background-color":"var(--ast-global-color-5)","background-image":"","background-repeat":"repeat","background-position":"center center","background-size":"auto","background-attachment":"scroll","background-type":"","background-media":"","overlay-type":"","overlay-color":"","overlay-gradient":""}},"footnotes":""},"class_list":["post-1772","page","type-page","status-publish","hentry"],"yoast_head":"<!-- This site is optimized with the Yoast SEO plugin v25.2 - https:\/\/yoast.com\/wordpress\/plugins\/seo\/ -->\n<title>Personalizar Cookies - Max reformas<\/title>\n<meta name=\"robots\" content=\"index, follow, max-snippet:-1, max-image-preview:large, max-video-preview:-1\" \/>\n<link rel=\"canonical\" href=\"https:\/\/maxreformas.es\/en\/personalizar-cookies\/\" \/>\n<meta property=\"og:locale\" content=\"en_US\" \/>\n<meta property=\"og:type\" content=\"article\" \/>\n<meta property=\"og:title\" content=\"Personalizar Cookies - Max reformas\" \/>\n<meta property=\"og:description\" content=\"Utilizamos cookies en nuestro sitio web para brindarle la experiencia m\u00e1s relevante al recordar sus preferencias y repetir visitas. Haciendo clic en \u201cAceptar Todas\u201d, usted consiente el uso de TODAS\u00a0 las cookies. Sin embargo, puede visitar \\&quot;Configuraci\u00f3n de cookies\\&quot; para proporcionar un consentimiento controlado. &nbsp;&nbsp; Configurar y m\u00e1s informaci\u00f3n Rechazar ACEPTAR TODAS LAS COOKIES Puedes &hellip; Personalizar Cookies Read More &raquo;\" \/>\n<meta property=\"og:url\" content=\"https:\/\/maxreformas.es\/en\/personalizar-cookies\/\" \/>\n<meta property=\"og:site_name\" content=\"Max reformas\" \/>\n<meta name=\"twitter:card\" content=\"summary_large_image\" \/>\n<script type=\"application\/ld+json\" class=\"yoast-schema-graph\">{\"@context\":\"https:\/\/schema.org\",\"@graph\":[{\"@type\":\"WebPage\",\"@id\":\"https:\/\/maxreformas.es\/personalizar-cookies\/\",\"url\":\"https:\/\/maxreformas.es\/personalizar-cookies\/\",\"name\":\"Personalizar Cookies - Max reformas\",\"isPartOf\":{\"@id\":\"https:\/\/maxreformas.es\/#website\"},\"datePublished\":\"2021-10-15T00:04:25+00:00\",\"breadcrumb\":{\"@id\":\"https:\/\/maxreformas.es\/personalizar-cookies\/#breadcrumb\"},\"inLanguage\":\"en-US\",\"potentialAction\":[{\"@type\":\"ReadAction\",\"target\":[\"https:\/\/maxreformas.es\/personalizar-cookies\/\"]}]},{\"@type\":\"BreadcrumbList\",\"@id\":\"https:\/\/maxreformas.es\/personalizar-cookies\/#breadcrumb\",\"itemListElement\":[{\"@type\":\"ListItem\",\"position\":1,\"name\":\"Portada\",\"item\":\"https:\/\/maxreformas.es\/\"},{\"@type\":\"ListItem\",\"position\":2,\"name\":\"Personalizar Cookies\"}]},{\"@type\":\"WebSite\",\"@id\":\"https:\/\/maxreformas.es\/#website\",\"url\":\"https:\/\/maxreformas.es\/\",\"name\":\"Max reformas\",\"description\":\"Empresa de Reformas en M\u00e1laga\",\"publisher\":{\"@id\":\"https:\/\/maxreformas.es\/#organization\"},\"potentialAction\":[{\"@type\":\"SearchAction\",\"target\":{\"@type\":\"EntryPoint\",\"urlTemplate\":\"https:\/\/maxreformas.es\/?s={search_term_string}\"},\"query-input\":{\"@type\":\"PropertyValueSpecification\",\"valueRequired\":true,\"valueName\":\"search_term_string\"}}],\"inLanguage\":\"en-US\"},{\"@type\":\"Organization\",\"@id\":\"https:\/\/maxreformas.es\/#organization\",\"name\":\"Max reformas\",\"url\":\"https:\/\/maxreformas.es\/\",\"logo\":{\"@type\":\"ImageObject\",\"inLanguage\":\"en-US\",\"@id\":\"https:\/\/maxreformas.es\/#\/schema\/logo\/image\/\",\"url\":\"https:\/\/maxreformas.es\/wp-content\/uploads\/2022\/04\/logo-max-reformas.png\",\"contentUrl\":\"https:\/\/maxreformas.es\/wp-content\/uploads\/2022\/04\/logo-max-reformas.png\",\"width\":5286,\"height\":1150,\"caption\":\"Max reformas\"},\"image\":{\"@id\":\"https:\/\/maxreformas.es\/#\/schema\/logo\/image\/\"}}]}<\/script>\n<!-- \/ Yoast SEO plugin. -->","yoast_head_json":{"title":"Personalizar Cookies - Max reformas","robots":{"index":"index","follow":"follow","max-snippet":"max-snippet:-1","max-image-preview":"max-image-preview:large","max-video-preview":"max-video-preview:-1"},"canonical":"https:\/\/maxreformas.es\/en\/personalizar-cookies\/","og_locale":"en_US","og_type":"article","og_title":"Personalizar Cookies - Max reformas","og_description":"Utilizamos cookies en nuestro sitio web para brindarle la experiencia m\u00e1s relevante al recordar sus preferencias y repetir visitas. Haciendo clic en \u201cAceptar Todas\u201d, usted consiente el uso de TODAS\u00a0 las cookies. Sin embargo, puede visitar \\\"Configuraci\u00f3n de cookies\\\" para proporcionar un consentimiento controlado. &nbsp;&nbsp; Configurar y m\u00e1s informaci\u00f3n Rechazar ACEPTAR TODAS LAS COOKIES Puedes &hellip; Personalizar Cookies Read More &raquo;","og_url":"https:\/\/maxreformas.es\/en\/personalizar-cookies\/","og_site_name":"Max reformas","twitter_card":"summary_large_image","schema":{"@context":"https:\/\/schema.org","@graph":[{"@type":"WebPage","@id":"https:\/\/maxreformas.es\/personalizar-cookies\/","url":"https:\/\/maxreformas.es\/personalizar-cookies\/","name":"Personalizar Cookies - Max reformas","isPartOf":{"@id":"https:\/\/maxreformas.es\/#website"},"datePublished":"2021-10-15T00:04:25+00:00","breadcrumb":{"@id":"https:\/\/maxreformas.es\/personalizar-cookies\/#breadcrumb"},"inLanguage":"en-US","potentialAction":[{"@type":"ReadAction","target":["https:\/\/maxreformas.es\/personalizar-cookies\/"]}]},{"@type":"BreadcrumbList","@id":"https:\/\/maxreformas.es\/personalizar-cookies\/#breadcrumb","itemListElement":[{"@type":"ListItem","position":1,"name":"Portada","item":"https:\/\/maxreformas.es\/"},{"@type":"ListItem","position":2,"name":"Personalizar Cookies"}]},{"@type":"WebSite","@id":"https:\/\/maxreformas.es\/#website","url":"https:\/\/maxreformas.es\/","name":"Max reformas","description":"Empresa de Reformas en M\u00e1laga","publisher":{"@id":"https:\/\/maxreformas.es\/#organization"},"potentialAction":[{"@type":"SearchAction","target":{"@type":"EntryPoint","urlTemplate":"https:\/\/maxreformas.es\/?s={search_term_string}"},"query-input":{"@type":"PropertyValueSpecification","valueRequired":true,"valueName":"search_term_string"}}],"inLanguage":"en-US"},{"@type":"Organization","@id":"https:\/\/maxreformas.es\/#organization","name":"Max reformas","url":"https:\/\/maxreformas.es\/","logo":{"@type":"ImageObject","inLanguage":"en-US","@id":"https:\/\/maxreformas.es\/#\/schema\/logo\/image\/","url":"https:\/\/maxreformas.es\/wp-content\/uploads\/2022\/04\/logo-max-reformas.png","contentUrl":"https:\/\/maxreformas.es\/wp-content\/uploads\/2022\/04\/logo-max-reformas.png","width":5286,"height":1150,"caption":"Max reformas"},"image":{"@id":"https:\/\/maxreformas.es\/#\/schema\/logo\/image\/"}}]}},"_links":{"self":[{"href":"https:\/\/maxreformas.es\/en\/wp-json\/wp\/v2\/pages\/1772","targetHints":{"allow":["GET"]}}],"collection":[{"href":"https:\/\/maxreformas.es\/en\/wp-json\/wp\/v2\/pages"}],"about":[{"href":"https:\/\/maxreformas.es\/en\/wp-json\/wp\/v2\/types\/page"}],"author":[{"embeddable":true,"href":"https:\/\/maxreformas.es\/en\/wp-json\/wp\/v2\/users\/1"}],"replies":[{"embeddable":true,"href":"https:\/\/maxreformas.es\/en\/wp-json\/wp\/v2\/comments?post=1772"}],"version-history":[{"count":0,"href":"https:\/\/maxreformas.es\/en\/wp-json\/wp\/v2\/pages\/1772\/revisions"}],"wp:attachment":[{"href":"https:\/\/maxreformas.es\/en\/wp-json\/wp\/v2\/media?parent=1772"}],"curies":[{"name":"wp","href":"https:\/\/api.w.org\/{rel}","templated":true}]}}