{"id":1846,"date":"2022-04-08T09:03:00","date_gmt":"2022-04-08T09:03:00","guid":{"rendered":"https:\/\/maxreformas.es\/?page_id=1846"},"modified":"2022-04-11T10:41:41","modified_gmt":"2022-04-11T10:41:41","slug":"galeria","status":"publish","type":"page","link":"https:\/\/maxreformas.es\/en\/galeria\/","title":{"rendered":"Galer\u00eda"},"content":{"rendered":"<div data-elementor-type=\"wp-page\" data-elementor-id=\"1846\" class=\"elementor elementor-1846\" data-elementor-post-type=\"page\">\n\t\t\t\t\t\t<section class=\"elementor-section elementor-top-section elementor-element elementor-element-6a3da1e7 elementor-section-boxed elementor-section-height-default elementor-section-height-default\" data-id=\"6a3da1e7\" data-element_type=\"section\" data-settings=\"{&quot;background_background&quot;:&quot;classic&quot;}\">\n\t\t\t\t\t\t\t<div class=\"elementor-background-overlay\"><\/div>\n\t\t\t\t\t\t\t<div class=\"elementor-container elementor-column-gap-default\">\n\t\t\t\t\t<div class=\"elementor-column elementor-col-100 elementor-top-column elementor-element elementor-element-4b1ba9fa\" data-id=\"4b1ba9fa\" data-element_type=\"column\">\n\t\t\t<div class=\"elementor-widget-wrap elementor-element-populated\">\n\t\t\t\t\t\t<div class=\"elementor-element elementor-element-77cf11ed elementor-widget elementor-widget-heading\" data-id=\"77cf11ed\" data-element_type=\"widget\" data-widget_type=\"heading.default\">\n\t\t\t\t<div class=\"elementor-widget-container\">\n\t\t\t\t\t<h2 class=\"elementor-heading-title elementor-size-default\">\u00c9chale un vistazo a nuestra galer\u00eda<\/h2>\t\t\t\t<\/div>\n\t\t\t\t<\/div>\n\t\t\t\t<div class=\"elementor-element elementor-element-5369b73 gallery-spacing-custom elementor-widget elementor-widget-image-gallery\" data-id=\"5369b73\" data-element_type=\"widget\" data-widget_type=\"image-gallery.default\">\n\t\t\t\t<div class=\"elementor-widget-container\">\n\t\t\t\t\t\t\t<div class=\"elementor-image-gallery\">\n\t\t\t<div id='gallery-1' class='gallery galleryid-1846 gallery-columns-4 gallery-size-full'><figure class='gallery-item'>\n\t\t\t<div class='gallery-icon landscape'>\n\t\t\t\t<a data-elementor-open-lightbox=\"yes\" data-elementor-lightbox-slideshow=\"5369b73\" data-elementor-lightbox-title=\"-\" data-e-action-hash=\"#elementor-action%3Aaction%3Dlightbox%26settings%3DeyJpZCI6MTg1MSwidXJsIjoiaHR0cHM6XC9cL21heHJlZm9ybWFzLmVzXC93cC1jb250ZW50XC91cGxvYWRzXC8yMDIyXC8wNFwvY29sZWNjaW9uZXMtMjAyMC1taW5pbWFsaXN0YXMtdGl0YW4uanBnIiwic2xpZGVzaG93IjoiNTM2OWI3MyJ9\" href='https:\/\/maxreformas.es\/wp-content\/uploads\/2022\/04\/colecciones-2020-minimalistas-titan.jpg'><img fetchpriority=\"high\" decoding=\"async\" width=\"940\" height=\"599\" src=\"https:\/\/maxreformas.es\/wp-content\/uploads\/2022\/04\/colecciones-2020-minimalistas-titan.jpg\" class=\"attachment-full size-full\" alt=\"\" \/><\/a>\n\t\t\t<\/div><\/figure><figure class='gallery-item'>\n\t\t\t<div class='gallery-icon landscape'>\n\t\t\t\t<a data-elementor-open-lightbox=\"yes\" data-elementor-lightbox-slideshow=\"5369b73\" data-elementor-lightbox-title=\"-\" data-e-action-hash=\"#elementor-action%3Aaction%3Dlightbox%26settings%3DeyJpZCI6MTg1MiwidXJsIjoiaHR0cHM6XC9cL21heHJlZm9ybWFzLmVzXC93cC1jb250ZW50XC91cGxvYWRzXC8yMDIyXC8wNFwvV2hhdHNBcHAtSW1hZ2UtMjAyMi0wNC0wNi1hdC04LjEyLjE1LVBNLmpwZWciLCJzbGlkZXNob3ciOiI1MzY5YjczIn0%3D\" href='https:\/\/maxreformas.es\/wp-content\/uploads\/2022\/04\/WhatsApp-Image-2022-04-06-at-8.12.15-PM.jpeg'><img decoding=\"async\" width=\"1242\" height=\"874\" src=\"https:\/\/maxreformas.es\/wp-content\/uploads\/2022\/04\/WhatsApp-Image-2022-04-06-at-8.12.15-PM.jpeg\" class=\"attachment-full size-full\" alt=\"\" \/><\/a>\n\t\t\t<\/div><\/figure><figure class='gallery-item'>\n\t\t\t<div class='gallery-icon landscape'>\n\t\t\t\t<a data-elementor-open-lightbox=\"yes\" data-elementor-lightbox-slideshow=\"5369b73\" data-elementor-lightbox-title=\"-\" data-e-action-hash=\"#elementor-action%3Aaction%3Dlightbox%26settings%3DeyJpZCI6MTg1MywidXJsIjoiaHR0cHM6XC9cL21heHJlZm9ybWFzLmVzXC93cC1jb250ZW50XC91cGxvYWRzXC8yMDIyXC8wNFwvV2hhdHNBcHAtSW1hZ2UtMjAyMi0wNC0wNi1hdC04LjEyLjE2LVBNLWUxNjQ5NDA4NzQzNDAzLmpwZWciLCJzbGlkZXNob3ciOiI1MzY5YjczIn0%3D\" href='https:\/\/maxreformas.es\/wp-content\/uploads\/2022\/04\/WhatsApp-Image-2022-04-06-at-8.12.16-PM-e1649408743403.jpeg'><img decoding=\"async\" width=\"1124\" height=\"720\" src=\"https:\/\/maxreformas.es\/wp-content\/uploads\/2022\/04\/WhatsApp-Image-2022-04-06-at-8.12.16-PM-e1649408743403.jpeg\" class=\"attachment-full size-full\" alt=\"\" \/><\/a>\n\t\t\t<\/div><\/figure><figure class='gallery-item'>\n\t\t\t<div class='gallery-icon landscape'>\n\t\t\t\t<a data-elementor-open-lightbox=\"yes\" data-elementor-lightbox-slideshow=\"5369b73\" data-elementor-lightbox-title=\"-\" data-e-action-hash=\"#elementor-action%3Aaction%3Dlightbox%26settings%3DeyJpZCI6MTg1NCwidXJsIjoiaHR0cHM6XC9cL21heHJlZm9ybWFzLmVzXC93cC1jb250ZW50XC91cGxvYWRzXC8yMDIyXC8wNFwvV2hhdHNBcHAtSW1hZ2UtMjAyMi0wNC0wNi1hdC04LjEyLjE1LVBNLTEuanBlZyIsInNsaWRlc2hvdyI6IjUzNjliNzMifQ%3D%3D\" href='https:\/\/maxreformas.es\/wp-content\/uploads\/2022\/04\/WhatsApp-Image-2022-04-06-at-8.12.15-PM-1.jpeg'><img loading=\"lazy\" decoding=\"async\" width=\"1242\" height=\"778\" src=\"https:\/\/maxreformas.es\/wp-content\/uploads\/2022\/04\/WhatsApp-Image-2022-04-06-at-8.12.15-PM-1.jpeg\" class=\"attachment-full size-full\" alt=\"\" \/><\/a>\n\t\t\t<\/div><\/figure><figure class='gallery-item'>\n\t\t\t<div class='gallery-icon landscape'>\n\t\t\t\t<a data-elementor-open-lightbox=\"yes\" data-elementor-lightbox-slideshow=\"5369b73\" data-elementor-lightbox-title=\"-\" data-e-action-hash=\"#elementor-action%3Aaction%3Dlightbox%26settings%3DeyJpZCI6MTg1NSwidXJsIjoiaHR0cHM6XC9cL21heHJlZm9ybWFzLmVzXC93cC1jb250ZW50XC91cGxvYWRzXC8yMDIyXC8wNFwvNDQ1NDk4LmpwZyIsInNsaWRlc2hvdyI6IjUzNjliNzMifQ%3D%3D\" href='https:\/\/maxreformas.es\/wp-content\/uploads\/2022\/04\/445498.jpg'><img loading=\"lazy\" decoding=\"async\" width=\"600\" height=\"428\" src=\"https:\/\/maxreformas.es\/wp-content\/uploads\/2022\/04\/445498.jpg\" class=\"attachment-full size-full\" alt=\"\" \/><\/a>\n\t\t\t<\/div><\/figure><figure class='gallery-item'>\n\t\t\t<div class='gallery-icon landscape'>\n\t\t\t\t<a data-elementor-open-lightbox=\"yes\" data-elementor-lightbox-slideshow=\"5369b73\" data-elementor-lightbox-title=\"-\" data-e-action-hash=\"#elementor-action%3Aaction%3Dlightbox%26settings%3DeyJpZCI6MTg1NiwidXJsIjoiaHR0cHM6XC9cL21heHJlZm9ybWFzLmVzXC93cC1jb250ZW50XC91cGxvYWRzXC8yMDIyXC8wNFwvVmVyZGUtZmlvcmRvLXktTGFtaW5hZG8tVDEtRnJlc25vLWJsYW5jby0xMDI0eDU5OS0xLWUxNjQ5NDA4NzcyNTU3LmpwZyIsInNsaWRlc2hvdyI6IjUzNjliNzMifQ%3D%3D\" href='https:\/\/maxreformas.es\/wp-content\/uploads\/2022\/04\/Verde-fiordo-y-Laminado-T1-Fresno-blanco-1024x599-1-e1649408772557.jpg'><img loading=\"lazy\" decoding=\"async\" width=\"942\" height=\"599\" src=\"https:\/\/maxreformas.es\/wp-content\/uploads\/2022\/04\/Verde-fiordo-y-Laminado-T1-Fresno-blanco-1024x599-1-e1649408772557.jpg\" class=\"attachment-full size-full\" alt=\"\" \/><\/a>\n\t\t\t<\/div><\/figure><figure class='gallery-item'>\n\t\t\t<div class='gallery-icon landscape'>\n\t\t\t\t<a data-elementor-open-lightbox=\"yes\" data-elementor-lightbox-slideshow=\"5369b73\" data-elementor-lightbox-title=\"-\" data-e-action-hash=\"#elementor-action%3Aaction%3Dlightbox%26settings%3DeyJpZCI6MTg1NywidXJsIjoiaHR0cHM6XC9cL21heHJlZm9ybWFzLmVzXC93cC1jb250ZW50XC91cGxvYWRzXC8yMDIyXC8wNFwvUjFfMS1zY2FsZWQtNjAweDQwMC0xLmpwZyIsInNsaWRlc2hvdyI6IjUzNjliNzMifQ%3D%3D\" href='https:\/\/maxreformas.es\/wp-content\/uploads\/2022\/04\/R1_1-scaled-600x400-1.jpg'><img loading=\"lazy\" decoding=\"async\" width=\"600\" height=\"400\" src=\"https:\/\/maxreformas.es\/wp-content\/uploads\/2022\/04\/R1_1-scaled-600x400-1.jpg\" class=\"attachment-full size-full\" alt=\"\" \/><\/a>\n\t\t\t<\/div><\/figure><figure class='gallery-item'>\n\t\t\t<div class='gallery-icon landscape'>\n\t\t\t\t<a data-elementor-open-lightbox=\"yes\" data-elementor-lightbox-slideshow=\"5369b73\" data-elementor-lightbox-title=\"-\" data-e-action-hash=\"#elementor-action%3Aaction%3Dlightbox%26settings%3DeyJpZCI6MTg2MiwidXJsIjoiaHR0cHM6XC9cL21heHJlZm9ybWFzLmVzXC93cC1jb250ZW50XC91cGxvYWRzXC8yMDIyXC8wNFwvbWluaS1iYW5vcy1lMTY0OTQwODg0MDQxNS5qcGciLCJzbGlkZXNob3ciOiI1MzY5YjczIn0%3D\" href='https:\/\/maxreformas.es\/wp-content\/uploads\/2022\/04\/mini-banos-e1649408840415.jpg'><img loading=\"lazy\" decoding=\"async\" width=\"1059\" height=\"698\" src=\"https:\/\/maxreformas.es\/wp-content\/uploads\/2022\/04\/mini-banos-e1649408840415.jpg\" class=\"attachment-full size-full\" alt=\"\" \/><\/a>\n\t\t\t<\/div><\/figure>\n\t\t<\/div>\n\t\t<\/div>\n\t\t\t\t\t\t<\/div>\n\t\t\t\t<\/div>\n\t\t\t\t<div class=\"elementor-element elementor-element-d45eac4 elementor-widget elementor-widget-spacer\" data-id=\"d45eac4\" data-element_type=\"widget\" data-widget_type=\"spacer.default\">\n\t\t\t\t<div class=\"elementor-widget-container\">\n\t\t\t\t\t\t\t<div class=\"elementor-spacer\">\n\t\t\t<div class=\"elementor-spacer-inner\"><\/div>\n\t\t<\/div>\n\t\t\t\t\t\t<\/div>\n\t\t\t\t<\/div>\n\t\t\t\t<section class=\"elementor-section elementor-inner-section elementor-element elementor-element-9cadf7b elementor-section-boxed elementor-section-height-default elementor-section-height-default\" data-id=\"9cadf7b\" data-element_type=\"section\">\n\t\t\t\t\t\t<div class=\"elementor-container elementor-column-gap-default\">\n\t\t\t\t\t<div class=\"elementor-column elementor-col-50 elementor-inner-column elementor-element elementor-element-1e3916a\" data-id=\"1e3916a\" data-element_type=\"column\">\n\t\t\t<div class=\"elementor-widget-wrap elementor-element-populated\">\n\t\t\t\t\t\t<div class=\"elementor-element elementor-element-8306754 elementor-widget elementor-widget-heading\" data-id=\"8306754\" data-element_type=\"widget\" data-widget_type=\"heading.default\">\n\t\t\t\t<div class=\"elementor-widget-container\">\n\t\t\t\t\t<h2 class=\"elementor-heading-title elementor-size-default\">reformas 3.0<\/h2>\t\t\t\t<\/div>\n\t\t\t\t<\/div>\n\t\t\t\t<div class=\"elementor-element elementor-element-2ddd916 elementor-widget elementor-widget-text-editor\" data-id=\"2ddd916\" data-element_type=\"widget\" data-widget_type=\"text-editor.default\">\n\t\t\t\t<div class=\"elementor-widget-container\">\n\t\t\t\t\t\t\t\t\t<p>Seguimos las \u00faltimas tendencias en dise\u00f1o y arquitectura y las ponemos a tu disposici\u00f3n.<br \/>Nos especializamos en los m\u00e9todos m\u00e1s modernos para ense\u00f1arte nuestras ideas y hacer realidad las tuyas.<br \/>Nuestra prioridad ser\u00e1 tu comodidad.<\/p>\t\t\t\t\t\t\t\t<\/div>\n\t\t\t\t<\/div>\n\t\t\t\t<div class=\"elementor-element elementor-element-0c219b4 elementor-widget elementor-widget-spacer\" data-id=\"0c219b4\" data-element_type=\"widget\" data-widget_type=\"spacer.default\">\n\t\t\t\t<div class=\"elementor-widget-container\">\n\t\t\t\t\t\t\t<div class=\"elementor-spacer\">\n\t\t\t<div class=\"elementor-spacer-inner\"><\/div>\n\t\t<\/div>\n\t\t\t\t\t\t<\/div>\n\t\t\t\t<\/div>\n\t\t\t\t\t<\/div>\n\t\t<\/div>\n\t\t\t\t<div class=\"elementor-column elementor-col-50 elementor-inner-column elementor-element elementor-element-76a5a69\" data-id=\"76a5a69\" data-element_type=\"column\">\n\t\t\t<div class=\"elementor-widget-wrap elementor-element-populated\">\n\t\t\t\t\t\t<div class=\"elementor-element elementor-element-3f1a85a elementor-widget elementor-widget-image\" data-id=\"3f1a85a\" data-element_type=\"widget\" data-widget_type=\"image.default\">\n\t\t\t\t<div class=\"elementor-widget-container\">\n\t\t\t\t\t\t\t\t\t\t\t\t\t\t\t<img loading=\"lazy\" decoding=\"async\" width=\"626\" height=\"417\" src=\"https:\/\/maxreformas.es\/wp-content\/uploads\/2020\/06\/trabajadores-construccion-ingenieros-arquitectos-estrechandose-manos-mientras-trabajan-trabajo-equipo-oficina_29110-140.jpg\" class=\"attachment-full size-full wp-image-976\" alt=\"\" \/>\t\t\t\t\t\t\t\t\t\t\t\t\t\t\t<\/div>\n\t\t\t\t<\/div>\n\t\t\t\t\t<\/div>\n\t\t<\/div>\n\t\t\t\t\t<\/div>\n\t\t<\/section>\n\t\t\t\t<div class=\"elementor-element elementor-element-5fdd0af6 elementor-widget elementor-widget-spacer\" data-id=\"5fdd0af6\" data-element_type=\"widget\" data-widget_type=\"spacer.default\">\n\t\t\t\t<div class=\"elementor-widget-container\">\n\t\t\t\t\t\t\t<div class=\"elementor-spacer\">\n\t\t\t<div class=\"elementor-spacer-inner\"><\/div>\n\t\t<\/div>\n\t\t\t\t\t\t<\/div>\n\t\t\t\t<\/div>\n\t\t\t\t\t<\/div>\n\t\t<\/div>\n\t\t\t\t\t<\/div>\n\t\t<\/section>\n\t\t\t\t<section class=\"elementor-section elementor-top-section elementor-element elementor-element-1104258 elementor-section-boxed elementor-section-height-default elementor-section-height-default\" data-id=\"1104258\" data-element_type=\"section\">\n\t\t\t\t\t\t<div class=\"elementor-container elementor-column-gap-default\">\n\t\t\t\t\t<div class=\"elementor-column elementor-col-100 elementor-top-column elementor-element elementor-element-5942545\" data-id=\"5942545\" data-element_type=\"column\">\n\t\t\t<div class=\"elementor-widget-wrap elementor-element-populated\">\n\t\t\t\t\t\t<div class=\"elementor-element elementor-element-523f6a3 elementor-align-center elementor-widget elementor-widget-button\" data-id=\"523f6a3\" data-element_type=\"widget\" data-widget_type=\"button.default\">\n\t\t\t\t<div class=\"elementor-widget-container\">\n\t\t\t\t\t\t\t\t\t<div class=\"elementor-button-wrapper\">\n\t\t\t\t\t<a class=\"elementor-button elementor-button-link elementor-size-sm\" href=\"https:\/\/maxreformas.es\/en\/presupuesto\/\">\n\t\t\t\t\t\t<span class=\"elementor-button-content-wrapper\">\n\t\t\t\t\t\t\t\t\t<span class=\"elementor-button-text\">Solicita tu presupuesto aqu\u00ed<\/span>\n\t\t\t\t\t<\/span>\n\t\t\t\t\t<\/a>\n\t\t\t\t<\/div>\n\t\t\t\t\t\t\t\t<\/div>\n\t\t\t\t<\/div>\n\t\t\t\t\t<\/div>\n\t\t<\/div>\n\t\t\t\t\t<\/div>\n\t\t<\/section>\n\t\t\t\t<\/div>","protected":false},"excerpt":{"rendered":"<p>\u00c9chale un vistazo a nuestra galer\u00eda reformas 3.0 Seguimos las \u00faltimas tendencias en dise\u00f1o y arquitectura y las ponemos a tu disposici\u00f3n. Nos especializamos en los m\u00e9todos m\u00e1s modernos para ense\u00f1arte nuestras ideas y hacer realidad las tuyas. Nuestra prioridad ser\u00e1 tu comodidad. Solicita tu presupuesto aqu\u00ed<\/p>","protected":false},"author":1,"featured_media":0,"parent":0,"menu_order":0,"comment_status":"closed","ping_status":"closed","template":"","meta":{"site-sidebar-layout":"default","site-content-layout":"default","ast-site-content-layout":"","site-content-style":"default","site-sidebar-style":"default","ast-global-header-display":"","ast-banner-title-visibility":"","ast-main-header-display":"","ast-hfb-above-header-display":"","ast-hfb-below-header-display":"","ast-hfb-mobile-header-display":"","site-post-title":"","ast-breadcrumbs-content":"","ast-featured-img":"","footer-sml-layout":"","theme-transparent-header-meta":"disabled","adv-header-id-meta":"","stick-header-meta":"","header-above-stick-meta":"","header-main-stick-meta":"","header-below-stick-meta":"","astra-migrate-meta-layouts":"","ast-page-background-enabled":"default","ast-page-background-meta":{"desktop":{"background-color":"","background-image":"","background-repeat":"repeat","background-position":"center center","background-size":"auto","background-attachment":"scroll","background-type":"","background-media":"","overlay-type":"","overlay-color":"","overlay-gradient":""},"tablet":{"background-color":"","background-image":"","background-repeat":"repeat","background-position":"center center","background-size":"auto","background-attachment":"scroll","background-type":"","background-media":"","overlay-type":"","overlay-color":"","overlay-gradient":""},"mobile":{"background-color":"","background-image":"","background-repeat":"repeat","background-position":"center center","background-size":"auto","background-attachment":"scroll","background-type":"","background-media":"","overlay-type":"","overlay-color":"","overlay-gradient":""}},"ast-content-background-meta":{"desktop":{"background-color":"var(--ast-global-color-5)","background-image":"","background-repeat":"repeat","background-position":"center center","background-size":"auto","background-attachment":"scroll","background-type":"","background-media":"","overlay-type":"","overlay-color":"","overlay-gradient":""},"tablet":{"background-color":"var(--ast-global-color-5)","background-image":"","background-repeat":"repeat","background-position":"center center","background-size":"auto","background-attachment":"scroll","background-type":"","background-media":"","overlay-type":"","overlay-color":"","overlay-gradient":""},"mobile":{"background-color":"var(--ast-global-color-5)","background-image":"","background-repeat":"repeat","background-position":"center center","background-size":"auto","background-attachment":"scroll","background-type":"","background-media":"","overlay-type":"","overlay-color":"","overlay-gradient":""}},"footnotes":""},"class_list":["post-1846","page","type-page","status-publish","hentry"],"yoast_head":"<!-- This site is optimized with the Yoast SEO plugin v25.2 - https:\/\/yoast.com\/wordpress\/plugins\/seo\/ -->\n<title>Galer\u00eda - Max reformas<\/title>\n<meta name=\"robots\" content=\"index, follow, max-snippet:-1, max-image-preview:large, max-video-preview:-1\" \/>\n<link rel=\"canonical\" href=\"https:\/\/maxreformas.es\/en\/galeria\/\" \/>\n<meta property=\"og:locale\" content=\"en_US\" \/>\n<meta property=\"og:type\" content=\"article\" \/>\n<meta property=\"og:title\" content=\"Galer\u00eda - Max reformas\" \/>\n<meta property=\"og:description\" content=\"\u00c9chale un vistazo a nuestra galer\u00eda reformas 3.0 Seguimos las \u00faltimas tendencias en dise\u00f1o y arquitectura y las ponemos a tu disposici\u00f3n. Nos especializamos en los m\u00e9todos m\u00e1s modernos para ense\u00f1arte nuestras ideas y hacer realidad las tuyas. Nuestra prioridad ser\u00e1 tu comodidad. Solicita tu presupuesto aqu\u00ed\" \/>\n<meta property=\"og:url\" content=\"https:\/\/maxreformas.es\/en\/galeria\/\" \/>\n<meta property=\"og:site_name\" content=\"Max reformas\" \/>\n<meta property=\"article:modified_time\" content=\"2022-04-11T10:41:41+00:00\" \/>\n<meta property=\"og:image\" content=\"https:\/\/maxreformas.es\/wp-content\/uploads\/2022\/04\/colecciones-2020-minimalistas-titan.jpg\" \/>\n<meta name=\"twitter:card\" content=\"summary_large_image\" \/>\n<script type=\"application\/ld+json\" class=\"yoast-schema-graph\">{\"@context\":\"https:\/\/schema.org\",\"@graph\":[{\"@type\":\"WebPage\",\"@id\":\"https:\/\/maxreformas.es\/galeria\/\",\"url\":\"https:\/\/maxreformas.es\/galeria\/\",\"name\":\"Galer\u00eda - Max reformas\",\"isPartOf\":{\"@id\":\"https:\/\/maxreformas.es\/#website\"},\"primaryImageOfPage\":{\"@id\":\"https:\/\/maxreformas.es\/galeria\/#primaryimage\"},\"image\":{\"@id\":\"https:\/\/maxreformas.es\/galeria\/#primaryimage\"},\"thumbnailUrl\":\"https:\/\/maxreformas.es\/wp-content\/uploads\/2022\/04\/colecciones-2020-minimalistas-titan.jpg\",\"datePublished\":\"2022-04-08T09:03:00+00:00\",\"dateModified\":\"2022-04-11T10:41:41+00:00\",\"breadcrumb\":{\"@id\":\"https:\/\/maxreformas.es\/galeria\/#breadcrumb\"},\"inLanguage\":\"en-US\",\"potentialAction\":[{\"@type\":\"ReadAction\",\"target\":[\"https:\/\/maxreformas.es\/galeria\/\"]}]},{\"@type\":\"ImageObject\",\"inLanguage\":\"en-US\",\"@id\":\"https:\/\/maxreformas.es\/galeria\/#primaryimage\",\"url\":\"https:\/\/maxreformas.es\/wp-content\/uploads\/2022\/04\/colecciones-2020-minimalistas-titan.jpg\",\"contentUrl\":\"https:\/\/maxreformas.es\/wp-content\/uploads\/2022\/04\/colecciones-2020-minimalistas-titan.jpg\"},{\"@type\":\"BreadcrumbList\",\"@id\":\"https:\/\/maxreformas.es\/galeria\/#breadcrumb\",\"itemListElement\":[{\"@type\":\"ListItem\",\"position\":1,\"name\":\"Portada\",\"item\":\"https:\/\/maxreformas.es\/\"},{\"@type\":\"ListItem\",\"position\":2,\"name\":\"Galer\u00eda\"}]},{\"@type\":\"WebSite\",\"@id\":\"https:\/\/maxreformas.es\/#website\",\"url\":\"https:\/\/maxreformas.es\/\",\"name\":\"Max reformas\",\"description\":\"Empresa de Reformas en M\u00e1laga\",\"publisher\":{\"@id\":\"https:\/\/maxreformas.es\/#organization\"},\"potentialAction\":[{\"@type\":\"SearchAction\",\"target\":{\"@type\":\"EntryPoint\",\"urlTemplate\":\"https:\/\/maxreformas.es\/?s={search_term_string}\"},\"query-input\":{\"@type\":\"PropertyValueSpecification\",\"valueRequired\":true,\"valueName\":\"search_term_string\"}}],\"inLanguage\":\"en-US\"},{\"@type\":\"Organization\",\"@id\":\"https:\/\/maxreformas.es\/#organization\",\"name\":\"Max reformas\",\"url\":\"https:\/\/maxreformas.es\/\",\"logo\":{\"@type\":\"ImageObject\",\"inLanguage\":\"en-US\",\"@id\":\"https:\/\/maxreformas.es\/#\/schema\/logo\/image\/\",\"url\":\"https:\/\/maxreformas.es\/wp-content\/uploads\/2022\/04\/logo-max-reformas.png\",\"contentUrl\":\"https:\/\/maxreformas.es\/wp-content\/uploads\/2022\/04\/logo-max-reformas.png\",\"width\":5286,\"height\":1150,\"caption\":\"Max reformas\"},\"image\":{\"@id\":\"https:\/\/maxreformas.es\/#\/schema\/logo\/image\/\"}}]}<\/script>\n<!-- \/ Yoast SEO plugin. -->","yoast_head_json":{"title":"Galer\u00eda - Max reformas","robots":{"index":"index","follow":"follow","max-snippet":"max-snippet:-1","max-image-preview":"max-image-preview:large","max-video-preview":"max-video-preview:-1"},"canonical":"https:\/\/maxreformas.es\/en\/galeria\/","og_locale":"en_US","og_type":"article","og_title":"Galer\u00eda - Max reformas","og_description":"\u00c9chale un vistazo a nuestra galer\u00eda reformas 3.0 Seguimos las \u00faltimas tendencias en dise\u00f1o y arquitectura y las ponemos a tu disposici\u00f3n. Nos especializamos en los m\u00e9todos m\u00e1s modernos para ense\u00f1arte nuestras ideas y hacer realidad las tuyas. Nuestra prioridad ser\u00e1 tu comodidad. Solicita tu presupuesto aqu\u00ed","og_url":"https:\/\/maxreformas.es\/en\/galeria\/","og_site_name":"Max reformas","article_modified_time":"2022-04-11T10:41:41+00:00","og_image":[{"url":"https:\/\/maxreformas.es\/wp-content\/uploads\/2022\/04\/colecciones-2020-minimalistas-titan.jpg","type":"","width":"","height":""}],"twitter_card":"summary_large_image","schema":{"@context":"https:\/\/schema.org","@graph":[{"@type":"WebPage","@id":"https:\/\/maxreformas.es\/galeria\/","url":"https:\/\/maxreformas.es\/galeria\/","name":"Galer\u00eda - Max reformas","isPartOf":{"@id":"https:\/\/maxreformas.es\/#website"},"primaryImageOfPage":{"@id":"https:\/\/maxreformas.es\/galeria\/#primaryimage"},"image":{"@id":"https:\/\/maxreformas.es\/galeria\/#primaryimage"},"thumbnailUrl":"https:\/\/maxreformas.es\/wp-content\/uploads\/2022\/04\/colecciones-2020-minimalistas-titan.jpg","datePublished":"2022-04-08T09:03:00+00:00","dateModified":"2022-04-11T10:41:41+00:00","breadcrumb":{"@id":"https:\/\/maxreformas.es\/galeria\/#breadcrumb"},"inLanguage":"en-US","potentialAction":[{"@type":"ReadAction","target":["https:\/\/maxreformas.es\/galeria\/"]}]},{"@type":"ImageObject","inLanguage":"en-US","@id":"https:\/\/maxreformas.es\/galeria\/#primaryimage","url":"https:\/\/maxreformas.es\/wp-content\/uploads\/2022\/04\/colecciones-2020-minimalistas-titan.jpg","contentUrl":"https:\/\/maxreformas.es\/wp-content\/uploads\/2022\/04\/colecciones-2020-minimalistas-titan.jpg"},{"@type":"BreadcrumbList","@id":"https:\/\/maxreformas.es\/galeria\/#breadcrumb","itemListElement":[{"@type":"ListItem","position":1,"name":"Portada","item":"https:\/\/maxreformas.es\/"},{"@type":"ListItem","position":2,"name":"Galer\u00eda"}]},{"@type":"WebSite","@id":"https:\/\/maxreformas.es\/#website","url":"https:\/\/maxreformas.es\/","name":"Max reformas","description":"Empresa de Reformas en M\u00e1laga","publisher":{"@id":"https:\/\/maxreformas.es\/#organization"},"potentialAction":[{"@type":"SearchAction","target":{"@type":"EntryPoint","urlTemplate":"https:\/\/maxreformas.es\/?s={search_term_string}"},"query-input":{"@type":"PropertyValueSpecification","valueRequired":true,"valueName":"search_term_string"}}],"inLanguage":"en-US"},{"@type":"Organization","@id":"https:\/\/maxreformas.es\/#organization","name":"Max reformas","url":"https:\/\/maxreformas.es\/","logo":{"@type":"ImageObject","inLanguage":"en-US","@id":"https:\/\/maxreformas.es\/#\/schema\/logo\/image\/","url":"https:\/\/maxreformas.es\/wp-content\/uploads\/2022\/04\/logo-max-reformas.png","contentUrl":"https:\/\/maxreformas.es\/wp-content\/uploads\/2022\/04\/logo-max-reformas.png","width":5286,"height":1150,"caption":"Max reformas"},"image":{"@id":"https:\/\/maxreformas.es\/#\/schema\/logo\/image\/"}}]}},"_links":{"self":[{"href":"https:\/\/maxreformas.es\/en\/wp-json\/wp\/v2\/pages\/1846","targetHints":{"allow":["GET"]}}],"collection":[{"href":"https:\/\/maxreformas.es\/en\/wp-json\/wp\/v2\/pages"}],"about":[{"href":"https:\/\/maxreformas.es\/en\/wp-json\/wp\/v2\/types\/page"}],"author":[{"embeddable":true,"href":"https:\/\/maxreformas.es\/en\/wp-json\/wp\/v2\/users\/1"}],"replies":[{"embeddable":true,"href":"https:\/\/maxreformas.es\/en\/wp-json\/wp\/v2\/comments?post=1846"}],"version-history":[{"count":31,"href":"https:\/\/maxreformas.es\/en\/wp-json\/wp\/v2\/pages\/1846\/revisions"}],"predecessor-version":[{"id":1905,"href":"https:\/\/maxreformas.es\/en\/wp-json\/wp\/v2\/pages\/1846\/revisions\/1905"}],"wp:attachment":[{"href":"https:\/\/maxreformas.es\/en\/wp-json\/wp\/v2\/media?parent=1846"}],"curies":[{"name":"wp","href":"https:\/\/api.w.org\/{rel}","templated":true}]}}